{"id":8,"date":"2020-08-24T11:13:13","date_gmt":"2020-08-24T11:13:13","guid":{"rendered":"https:\/\/boeni-schlosserei.ch\/?page_id=8"},"modified":"2025-01-12T13:25:12","modified_gmt":"2025-01-12T13:25:12","slug":"ueber-uns","status":"publish","type":"page","link":"https:\/\/boeni-schlosserei.ch\/","title":{"rendered":"\u00dcber uns"},"content":{"rendered":"\n<p>B\u00f6ni Schlosserei wurde von Erich B\u00f6ni gegr\u00fcndet und als Familienunternehmen aufgebaut. Die Schlosserei wird heute von Gabriel B\u00f6ni in zweiter Generation gef\u00fchrt. Gabriel B\u00f6ni verf\u00fcgt \u00fcber mehrj\u00e4hrige Berufserfahrung in der Metallbranche. An unserem Standort in M\u00f6hlin sind wir in der Lage, s\u00e4mtliche Arbeiten aus Stahl, Chrom-Nickel-Stahl und Aluminium auszuf\u00fchren. Mit unserem gut eingerichteten Metallbaubetrieb werden wir den hohen Anspr\u00fcchen unserer Kunden entsprechen k\u00f6nnen.<\/p>\n\n\n\n<p>Qualit\u00e4t und Kundenzufriedenheit stehen bei uns an oberster Stelle.<\/p>\n\n\n\n<p>Unser Produktionsangebot geht \u00fcber Stahltreppen, Gel\u00e4nder, T\u00fcren bis hin zu speziell nach Kundenw\u00fcnschen angefertigten Schlosserarbeiten. Des Weiteren bieten wir einen prompten Reparaturservice an.<\/p>\n\n\n\n<p>\u00dcberzeugen Sie sich von unserer qualitativ einwandfreien und termingerechten Arbeit. Gerne erwarten wir Ihre Offertanfrage per Telefon oder E-Mail.<\/p>\n","protected":false},"excerpt":{"rendered":"<p>B\u00f6ni Schlosserei wurde von Erich B\u00f6ni gegr\u00fcndet und als Familienunternehmen aufgebaut. Die Schlosserei wird heute von Gabriel B\u00f6ni in zweiter Generation gef\u00fchrt. Gabriel B\u00f6ni verf\u00fcgt \u00fcber mehrj\u00e4hrige Berufserfahrung in der Metallbranche. An unserem Standort in M\u00f6hlin sind wir in der Lage, s\u00e4mtliche Arbeiten aus Stahl, Chrom-Nickel-Stahl und Aluminium auszuf\u00fchren. Mit unserem gut eingerichteten Metallbaubetrieb werden&#8230;<\/p>\n","protected":false},"author":1,"featured_media":0,"parent":0,"menu_order":0,"comment_status":"closed","ping_status":"closed","template":"","meta":{"footnotes":""},"class_list":["post-8","page","type-page","status-publish","hentry"],"_links":{"self":[{"href":"https:\/\/boeni-schlosserei.ch\/index.php?rest_route=\/wp\/v2\/pages\/8","targetHints":{"allow":["GET"]}}],"collection":[{"href":"https:\/\/boeni-schlosserei.ch\/index.php?rest_route=\/wp\/v2\/pages"}],"about":[{"href":"https:\/\/boeni-schlosserei.ch\/index.php?rest_route=\/wp\/v2\/types\/page"}],"author":[{"embeddable":true,"href":"https:\/\/boeni-schlosserei.ch\/index.php?rest_route=\/wp\/v2\/users\/1"}],"replies":[{"embeddable":true,"href":"https:\/\/boeni-schlosserei.ch\/index.php?rest_route=%2Fwp%2Fv2%2Fcomments&post=8"}],"version-history":[{"count":6,"href":"https:\/\/boeni-schlosserei.ch\/index.php?rest_route=\/wp\/v2\/pages\/8\/revisions"}],"predecessor-version":[{"id":94,"href":"https:\/\/boeni-schlosserei.ch\/index.php?rest_route=\/wp\/v2\/pages\/8\/revisions\/94"}],"wp:attachment":[{"href":"https:\/\/boeni-schlosserei.ch\/index.php?rest_route=%2Fwp%2Fv2%2Fmedia&parent=8"}],"curies":[{"name":"wp","href":"https:\/\/api.w.org\/{rel}","templated":true}]}}